{"id":79,"date":"2024-12-13T15:27:13","date_gmt":"2024-12-13T18:27:13","guid":{"rendered":"https:\/\/eldiariodechichi.com\/tienda\/?post_type=product&#038;p=79"},"modified":"2025-06-26T12:43:51","modified_gmt":"2025-06-26T15:43:51","slug":"guia-abc-para-viajar-con-tu-mascota","status":"publish","type":"product","link":"https:\/\/eldiariodechichi.com\/tienda\/producto\/guia-abc-para-viajar-con-tu-mascota\/","title":{"rendered":"Gu\u00eda ABC para viajar con tu mascota"},"content":{"rendered":"<div class=\"elementor-element elementor-element-fb45de2 elementor-widget elementor-widget-heading\" data-id=\"fb45de2\" data-element_type=\"widget\" data-widget_type=\"heading.default\">\n<div class=\"elementor-widget-container\">\n<h2 class=\"elementor-heading-title elementor-size-default\">\u00bfQuer\u00e9s viajar con tu mascota?<\/h2>\n<h2 class=\"elementor-heading-title elementor-size-default\"><span style=\"font-size: 16px;\">\u201cGu\u00eda ABC para viajar con tu mascota\u201d<\/span><\/h2>\n<p>Luego de haber recorrido m\u00e1s de 200 ciudades te cuento todo lo que tenes que saber antes de embarcar con tu mascota:<\/p>\n<p>Solicit\u00e1 la \u201cGu\u00eda ABC para viajar con tu mascota\u201d y planea el mejor viaje pet friendly.<\/p>\n<\/div>\n<\/div>\n","protected":false},"excerpt":{"rendered":"<p>Conoc\u00e9 todos los requisitos para que tu viaje sea ideal.<\/p>\n<p><strong>Todo lo que tenes que saber antes de embarcar con tu mascota:<\/strong> Aerol\u00edneas, service dog y emotional support, requisitos de viajes nacionales e internacionales, documentaci\u00f3n, certificados m\u00e9dicos, organismos reguladores, recomendaciones pre\/durante el viaje y m\u00e1s.<\/p>\n","protected":false},"featured_media":80,"template":"","meta":[],"product_brand":[],"product_cat":[19],"product_tag":[21,18,22,23],"class_list":{"0":"post-79","1":"product","2":"type-product","3":"status-publish","4":"has-post-thumbnail","6":"product_cat-guia","7":"product_tag-abc","8":"product_tag-guia","9":"product_tag-guia-abc-para-viajar-con-tu-mascota","10":"product_tag-viajes","12":"first","13":"instock","14":"sale","15":"downloadable","16":"virtual","17":"purchasable","18":"product-type-simple"},"jetpack_sharing_enabled":true,"_links":{"self":[{"href":"https:\/\/eldiariodechichi.com\/tienda\/wp-json\/wp\/v2\/product\/79","targetHints":{"allow":["GET"]}}],"collection":[{"href":"https:\/\/eldiariodechichi.com\/tienda\/wp-json\/wp\/v2\/product"}],"about":[{"href":"https:\/\/eldiariodechichi.com\/tienda\/wp-json\/wp\/v2\/types\/product"}],"wp:featuredmedia":[{"embeddable":true,"href":"https:\/\/eldiariodechichi.com\/tienda\/wp-json\/wp\/v2\/media\/80"}],"wp:attachment":[{"href":"https:\/\/eldiariodechichi.com\/tienda\/wp-json\/wp\/v2\/media?parent=79"}],"wp:term":[{"taxonomy":"product_brand","embeddable":true,"href":"https:\/\/eldiariodechichi.com\/tienda\/wp-json\/wp\/v2\/product_brand?post=79"},{"taxonomy":"product_cat","embeddable":true,"href":"https:\/\/eldiariodechichi.com\/tienda\/wp-json\/wp\/v2\/product_cat?post=79"},{"taxonomy":"product_tag","embeddable":true,"href":"https:\/\/eldiariodechichi.com\/tienda\/wp-json\/wp\/v2\/product_tag?post=79"}],"curies":[{"name":"wp","href":"https:\/\/api.w.org\/{rel}","templated":true}]}}